{"id":988142,"date":"2020-03-02T08:40:03","date_gmt":"2020-03-02T08:40:03","guid":{"rendered":"https:\/\/juniorjacques.pt\/general-terms-of-sale\/"},"modified":"2026-04-13T21:36:28","modified_gmt":"2026-04-13T21:36:28","slug":"general-terms-of-sale","status":"publish","type":"page","link":"https:\/\/juniorjacques.pt\/en\/general-terms-of-sale\/","title":{"rendered":"Terms and Conditions of Sale"},"content":{"rendered":"\t\t<div data-elementor-type=\"wp-page\" data-elementor-id=\"988142\" class=\"elementor elementor-988142 elementor-50\" data-elementor-post-type=\"page\">\n\t\t\t\t\t\t<section class=\"elementor-section elementor-top-section elementor-element elementor-element-799bc60 elementor-section-boxed elementor-section-height-default elementor-section-height-default\" data-id=\"799bc60\" data-element_type=\"section\" data-e-type=\"section\">\n\t\t\t\t\t\t<div class=\"elementor-container elementor-column-gap-default\">\n\t\t\t\t\t<div class=\"elementor-column elementor-col-100 elementor-top-column elementor-element elementor-element-15bbf32\" data-id=\"15bbf32\" data-element_type=\"column\" data-e-type=\"column\">\n\t\t\t<div class=\"elementor-widget-wrap elementor-element-populated\">\n\t\t\t\t\t\t\t<\/div>\n\t\t<\/div>\n\t\t\t\t\t<\/div>\n\t\t<\/section>\n\t\t<div class=\"elementor-element elementor-element-2ec49c0 e-flex e-con-boxed e-con e-parent\" data-id=\"2ec49c0\" data-element_type=\"container\" data-e-type=\"container\">\n\t\t\t\t\t<div class=\"e-con-inner\">\n\t\t\t\t<div class=\"elementor-element elementor-element-f397ed4 elementor-widget elementor-widget-text-editor\" data-id=\"f397ed4\" data-element_type=\"widget\" data-e-type=\"widget\" data-widget_type=\"text-editor.default\">\n\t\t\t\t<div class=\"elementor-widget-container\">\n\t\t\t\t\t\t\t\t\t<p>INTRODUCTION<\/p><p>The conditions stipulated in this document are only applicable to purchases made at juniorjacques.pt.<\/p><p>The management of the online store juniorjacques.pt and the logistics operations associated with its commercial activity are the responsibility of the commercial company Alma Org\u00e2nica Unipessoal Lda, VAT number (NIPC) 513208968, headquartered at Sobral \u2013 S\u00e3o Miguel, C.P 8025, 7630-592 S\u00e3o Teot\u00f3nio, Odemira, which is the owner of the brand Junior Jacques Destiladores\u00ae and all related exploitation rights.<\/p><p>Alma Org\u00e2nica reserves the right to change, at any time, the information and commercial offer presented regarding products, prices, promotions and commercial conditions.<\/p><p>The terms in force at the time the website is used or the purchase and sale contract is entered into will apply.<\/p><p>INTELLECTUAL PROPERTY<br>All content on this website (texts, images, logos, and design) is the property of Alma Org\u00e2nica Unipessoal Lda and is protected by intellectual property rights. Any total or partial reproduction is strictly prohibited without prior written authorization. <\/p><p>CONTRACT FORMATION<\/p><p>By making an online purchase at juniorjacques.pt, the user declares to be 18 years of age or older. The sale of alcoholic beverages to individuals under the age of 18 is prohibited by law (Decree-Law no. 106\/2015). We reserve the right to request proof of age or to cancel orders if there is any suspicion of non-compliance with this regulation.  <\/p><p>To place an order, you must follow the online purchase procedure and select one of the following payment methods:<\/p><p>Multibanco: After completing your order, you will receive the payment details for your order by email. Payment confirmation is automatic, so you do not need to send us proof of payment.<br>MB Way: Only applicable if the Customer has an account and a mobile number associated with the MB Way platform.<br>PayPal: Only applicable if the Customer has a PayPal account. <\/p><p>All purchases made through juniorjacques.pt are subject to Value Added Tax (VAT) at the legal rate in force in Portugal. All prices displayed on juniorjacques.pt include VAT. <\/p><p>The images shown are for illustrative purposes only and may not correspond to the actual product.<\/p><p>Once the order is completed and the subsequent payment order is placed, the purchase and sale contract for the products chosen by the Customer is deemed to have been concluded.<\/p><p>PRODUCT AVAILABILITY<\/p><p>All orders are subject to product availability. If the ordered product is unavailable, the Customer will be informed and refunded the amount paid within a maximum of 15 days. <\/p><p>DISPATCH<\/p><p>The order will be dispatched within 24 business hours from payment confirmation. Shipping will take place only on business days (Mon\u2013Fri). <\/p><p>SHIPPING COSTS<\/p><p>Shipping costs are as follows:<\/p><ul><li>Mainland Portugal: \u20ac4.96<\/li><li>Azores and Madeira: \u20ac9.30<\/li><li>Romania, Czech Republic, Poland, Netherlands, Luxembourg, Hungary, France, Slovenia, Slovakia, Croatia, Austria and Belgium: \u20ac15.26.<\/li><li>Spain: \u20ac9.29.<\/li><li>Germany: \u20ac11.67.<\/li><li>Bulgaria, Estonia, Ireland, Italy, Latvia, Lithuania: \u20ac18.48.<\/li><li>Greece: \u20ac21.75.<\/li><li>Denmark, Finland and Sweden: \u20ac24.01.<\/li><li>Switzerland and the United Kingdom (UK): Please check the price by emailing info@juniorjacques.pt.<\/li><\/ul><p>However, delivery will be free (no shipping charges) for orders over \u20ac70.00 shipped to an address in Mainland Portugal.<\/p><p>DELIVERY<\/p><p>Except in unforeseen or exceptional circumstances, orders will be delivered by hand between 9:00 and 19:00, within up to 4 days or 48 hours from the dispatch date, depending on the delivery option selected. If you do not receive your order within this timeframe, please contact us. <\/p><p>For security reasons, we do not guarantee delivery to PO boxes, hotels, aparthotels or tourist apartments.<\/p><p>If delivery is not completed for reasons attributable to the Customer (namely due to an error or insufficient details provided by the Customer, or if it is not received by the recipient at the delivery location), you must contact us so that delivery can be rescheduled. In this case, the Customer may be charged costs related to product storage and arranging a new delivery.<\/p><p>DAMAGED PRODUCT<\/p><p>If you have received any damaged item, please contact us immediately at info@juniorjacques.pt.<\/p><p>ORDER CANCELLATION<\/p><p>During campaigns: We reserve the right to cancel all orders that have not been paid by the campaign end date.<\/p><p>In \u201cnormal\u201d situations (outside campaigns): We reserve the right to cancel all orders that have not been paid within 1 week from the date they were placed.<\/p><p>RETURN POLICY<\/p><p>The Customer may cancel the order, with the right to a refund of all amounts paid up to the time of delivery of the order.<\/p><p>Ap\u00f3s receber a sua encomenda, o Cliente pode proceder \u00e0 sua devolu\u00e7\u00e3o no prazo de 14 dias, sem necessidade de indicar o motivo, comunicando a sua decis\u00e3o para o email info@juniorjacques.pt. Nota importante: Por raz\u00f5es de prote\u00e7\u00e3o da sa\u00fade e higiene, os produtos apenas ser\u00e3o aceites para devolu\u00e7\u00e3o se as garrafas mantiverem o selo fiscal e a c\u00e1psula intactos, sem qualquer sinal de abertura ou manuseamento da embalagem original. <\/p><p>If the return is due to a processing, production or packaging error, or due to the goods not conforming to the contract, responsibility will be assumed by Alma Org\u00e2nica, which will collect the order and bear the respective costs. Collection will take place at a location and date to be agreed, with the time set by the carrier. In this case, the Customer is entitled to request a replacement of the goods at no cost.  <\/p><p>If the return occurs for reasons unrelated to Alma Org\u00e2nica, the Customer must bear the costs of reshipping, via a carrier, to the address indicated by the seller.<\/p><p>In both cases, the order must be properly packaged, protected and sealed so that it can be handled by the carrier responsible for the return.<\/p><p>Refunds of payments made by the Customer will be made using the same payment method used in the initial transaction. Alternatively, the Customer may expressly state that they want the refund to be made via another method, namely\u2014and to speed up the refund process\u2014by providing the bank account details (IBAN and account holder) to which they want the refund to be made, at no cost to them.<\/p><p>PUBLICATION<\/p><p>Current version published on March 23, 2026.<\/p>\t\t\t\t\t\t\t\t<\/div>\n\t\t\t\t<\/div>\n\t\t\t\t\t<\/div>\n\t\t\t\t<\/div>\n\t\t\t\t<\/div>\n\t\t","protected":false},"excerpt":{"rendered":"<p>INTRODUCTION The conditions stipulated in this document are only applicable to purchases made at juniorjacques.pt. The management of the online store juniorjacques.pt and the logistics operations associated with its commercial activity are the responsibility of the commercial company Alma Org\u00e2nica Unipessoal Lda, VAT number (NIPC) 513208968, headquartered at Sobral \u2013 S\u00e3o Miguel, C.P 8025, 7630-592&#8230;<\/p>\n","protected":false},"author":186,"featured_media":0,"parent":0,"menu_order":0,"comment_status":"closed","ping_status":"closed","template":"","meta":{"footnotes":""},"class_list":["post-988142","page","type-page","status-publish","hentry"],"_links":{"self":[{"href":"https:\/\/juniorjacques.pt\/en\/wp-json\/wp\/v2\/pages\/988142","targetHints":{"allow":["GET"]}}],"collection":[{"href":"https:\/\/juniorjacques.pt\/en\/wp-json\/wp\/v2\/pages"}],"about":[{"href":"https:\/\/juniorjacques.pt\/en\/wp-json\/wp\/v2\/types\/page"}],"author":[{"embeddable":true,"href":"https:\/\/juniorjacques.pt\/en\/wp-json\/wp\/v2\/users\/186"}],"replies":[{"embeddable":true,"href":"https:\/\/juniorjacques.pt\/en\/wp-json\/wp\/v2\/comments?post=988142"}],"version-history":[{"count":2,"href":"https:\/\/juniorjacques.pt\/en\/wp-json\/wp\/v2\/pages\/988142\/revisions"}],"predecessor-version":[{"id":992236,"href":"https:\/\/juniorjacques.pt\/en\/wp-json\/wp\/v2\/pages\/988142\/revisions\/992236"}],"wp:attachment":[{"href":"https:\/\/juniorjacques.pt\/en\/wp-json\/wp\/v2\/media?parent=988142"}],"curies":[{"name":"wp","href":"https:\/\/api.w.org\/{rel}","templated":true}]}}