{"id":988161,"date":"2020-03-02T08:39:49","date_gmt":"2020-03-02T08:39:49","guid":{"rendered":"https:\/\/juniorjacques.pt\/privacy-policy\/"},"modified":"2026-03-23T12:11:44","modified_gmt":"2026-03-23T12:11:44","slug":"privacy-policy","status":"publish","type":"page","link":"https:\/\/juniorjacques.pt\/en\/privacy-policy\/","title":{"rendered":"Privacy Policy"},"content":{"rendered":"\t\t<div data-elementor-type=\"wp-page\" data-elementor-id=\"988161\" class=\"elementor elementor-988161 elementor-45\" data-elementor-post-type=\"page\">\n\t\t\t\t\t\t<section class=\"elementor-section elementor-top-section elementor-element elementor-element-59b62c4e elementor-section-content-middle elementor-reverse-mobile elementor-section-boxed elementor-section-height-default elementor-section-height-default\" data-id=\"59b62c4e\" data-element_type=\"section\" data-e-type=\"section\">\n\t\t\t\t\t\t<div class=\"elementor-container elementor-column-gap-default\">\n\t\t\t\t\t<div class=\"elementor-column elementor-col-50 elementor-top-column elementor-element elementor-element-cf33f7e\" data-id=\"cf33f7e\" data-element_type=\"column\" data-e-type=\"column\">\n\t\t\t<div class=\"elementor-widget-wrap elementor-element-populated\">\n\t\t\t\t\t\t<div class=\"elementor-element elementor-element-74af678 animated-slow elementor-invisible elementor-widget elementor-widget-heading\" data-id=\"74af678\" data-element_type=\"widget\" data-e-type=\"widget\" data-settings=\"{&quot;motion_fx_motion_fx_scrolling&quot;:&quot;yes&quot;,&quot;motion_fx_translateY_effect&quot;:&quot;yes&quot;,&quot;motion_fx_translateY_direction&quot;:&quot;negative&quot;,&quot;motion_fx_translateY_speed&quot;:{&quot;unit&quot;:&quot;px&quot;,&quot;size&quot;:2,&quot;sizes&quot;:[]},&quot;motion_fx_devices&quot;:[&quot;desktop&quot;],&quot;_animation&quot;:&quot;fadeInUp&quot;,&quot;_animation_delay&quot;:200,&quot;motion_fx_translateY_affectedRange&quot;:{&quot;unit&quot;:&quot;%&quot;,&quot;size&quot;:&quot;&quot;,&quot;sizes&quot;:{&quot;start&quot;:0,&quot;end&quot;:100}}}\" data-widget_type=\"heading.default\">\n\t\t\t\t<div class=\"elementor-widget-container\">\n\t\t\t\t\t<h1 class=\"elementor-heading-title elementor-size-default\">Privacy Policy\n<\/h1>\t\t\t\t<\/div>\n\t\t\t\t<\/div>\n\t\t\t\t\t<\/div>\n\t\t<\/div>\n\t\t\t\t<div class=\"elementor-column elementor-col-50 elementor-top-column elementor-element elementor-element-2af071bf animated-slow elementor-invisible\" data-id=\"2af071bf\" data-element_type=\"column\" data-e-type=\"column\" data-settings=\"{&quot;background_background&quot;:&quot;classic&quot;,&quot;animation&quot;:&quot;fadeIn&quot;,&quot;animation_delay&quot;:300}\">\n\t\t\t<div class=\"elementor-widget-wrap elementor-element-populated\">\n\t\t\t\t\t\t<div class=\"elementor-element elementor-element-669c1516 elementor-widget elementor-widget-spacer\" data-id=\"669c1516\" data-element_type=\"widget\" data-e-type=\"widget\" data-widget_type=\"spacer.default\">\n\t\t\t\t<div class=\"elementor-widget-container\">\n\t\t\t\t\t\t\t<div class=\"elementor-spacer\">\n\t\t\t<div class=\"elementor-spacer-inner\"><\/div>\n\t\t<\/div>\n\t\t\t\t\t\t<\/div>\n\t\t\t\t<\/div>\n\t\t\t\t\t<\/div>\n\t\t<\/div>\n\t\t\t\t\t<\/div>\n\t\t<\/section>\n\t\t\t\t<section class=\"elementor-section elementor-top-section elementor-element elementor-element-65598ae elementor-section-content-top elementor-reverse-mobile elementor-section-boxed elementor-section-height-default elementor-section-height-default\" data-id=\"65598ae\" data-element_type=\"section\" data-e-type=\"section\">\n\t\t\t\t\t\t<div class=\"elementor-container elementor-column-gap-default\">\n\t\t\t\t\t<div class=\"elementor-column elementor-col-100 elementor-top-column elementor-element elementor-element-7741be9 elementor-invisible\" data-id=\"7741be9\" data-element_type=\"column\" data-e-type=\"column\" data-settings=\"{&quot;animation&quot;:&quot;fadeIn&quot;,&quot;animation_delay&quot;:200}\">\n\t\t\t<div class=\"elementor-widget-wrap elementor-element-populated\">\n\t\t\t\t\t\t<div class=\"elementor-element elementor-element-798945c elementor-widget elementor-widget-text-editor\" data-id=\"798945c\" data-element_type=\"widget\" data-e-type=\"widget\" data-widget_type=\"text-editor.default\">\n\t\t\t\t<div class=\"elementor-widget-container\">\n\t\t\t\t\t\t\t\t\t<div id=\"middle\"><div class=\"middle_inner\"><div id=\"cmsmasters_row_251adeda98\" class=\"cmsmasters_row cmsmasters_color_scheme_default cmsmasters_row_top_default cmsmasters_row_bot_default cmsmasters_row_boxed\"><div class=\"cmsmasters_row_outer_parent\"><div class=\"cmsmasters_row_outer\"><div class=\"cmsmasters_row_inner\"><div class=\"cmsmasters_row_margin cmsmasters_11\"><div id=\"cmsmasters_column_c0611dd2e7\" class=\"cmsmasters_column one_first\"><div class=\"cmsmasters_column_inner\"><div class=\"cmsmasters_text\"><p>The commercial company Alma Org\u00e2nica Unipessoal Lda, with tax identification number 513208968, headquartered at Sobral \u2013 S\u00e3o Miguel, C.P 8025, 7630-592 S\u00e3o Teot\u00f3nio, Odemira, is the owner of the Junior Jacques Destiladores\u00ae brand and related exploitation rights.<\/p><p>DATA CONTROLLER<\/p><p>The entity responsible for processing personal data is Alma Org\u00e2nica Unipessoal Lda. For any clarification related to this Privacy Policy or to exercise your data protection rights, you may contact our Data Protection Officer via email: info@juniorjacques.pt. <\/p><p>By accepting our Privacy Policy, you are declaring that you authorize the processing of your personal data contained in the form on the Company&#8217;s website \u2013 www.juniorjacques.pt, confirming your ownership of the same, as well as data relating to your commercial and contractual relationship, and its management, under the terms of this Privacy Policy.<\/p><p>You further declare:<\/p><p>1 \u2013 To be aware and duly informed that all processing regarding your personal data includes all operations carried out on the data transmitted by you, with the aim of improving the operation and features of the Company&#8217;s website (www.juniorjacques.pt), including:<\/p><ul><li>Cases where your data will be processed statistically, without being identifiable by third parties to whom they are provided;<\/li><li>Personalization of the services provided to you;<\/li><li>Contact you via email, written messages, or phone to send information or updates about your transactions and orders, as well as information about new products, brands, or services offered;<\/li><\/ul><p>2 \u2013 To accept and authorize that your data be transmitted to entities that the Company may use as subcontractors, for the purpose of creating and managing your communication, research, and analysis of the services it provides, as well as to manage information, promotions, or consumer or market studies, having been informed that your data will not be sold, exchanged, transferred, or given away, nor will they be processed for other purposes;<\/p><p>3 \u2013 To acknowledge that your data will be stored in accordance with best security practices;<\/p><p><span style=\"font-size: 16px;\">4 \u2013 Acknowledge that, under applicable legislation, you may exercise your rights of access, rectification, objection, limitation, and deletion of your personal data. To do so, simply send a written request to the email address:   <\/span><b style=\"font-size: 16px;\" data-path-to-node=\"11,0\" data-index-in-node=\"249\">info@juniorjacques.pt<\/b><span style=\"font-size: 16px;\">, indicating the subject &#8220;Data Protection&#8221;.<\/span><\/p><p>5 \u2013 To provide free, voluntary, and conscious consent regarding the processing of my personal data;<\/p><p>6 \u2013 Declare that you are 18 years of age or older.<\/p><p>It is our internal Company policy to treat your personal data with the utmost confidentiality and protect it as best as possible. This Privacy Policy explains how we collect, protect, use, and share information about you, online and offline, hoping to increase your trust in the Company and improve your experience with us. <\/p><p>Please note that this Privacy Policy applies only to information collected by the Company and does not extend to information you may have submitted on other sites or social platforms managed by other entities or organizations to which we may refer.<\/p><p>PROVISION OF PERSONAL DATA<\/p><p>We wish to inform you that our site \u2013 www.juniorjacques.pt \u2013 does not collect personal information about you unless you provide it voluntarily.<\/p><p>Information collection is carried out by voluntarily and consciously filling out a form on the various pages of our site or if you accessed the site from a link mentioned in an email sent by us.<\/p><p>You can visit our site anonymously; however, please note that by providing us with personal information about yourself as described in this Policy, you are giving us your consent to use it for the purposes mentioned here.<\/p><p data-path-to-node=\"10,0\">LEGAL BASIS FOR PROCESSING<\/p><p data-path-to-node=\"10,0\">The processing of your personal data by Alma Org\u00e2nica is based on the following grounds:<\/p><ul data-path-to-node=\"10,1\"><li><p data-path-to-node=\"10,1,0,0\">Contract Performance: For order management, invoicing, and product delivery.<\/p><\/li><li><p data-path-to-node=\"10,1,1,0\">Consent: For sending newsletters and marketing communications (which may be withdrawn at any time).<\/p><\/li><li><p data-path-to-node=\"10,1,2,0\">Compliance with Legal Obligation: For compliance with tax and accounting obligations.<\/p><\/li><li><p data-path-to-node=\"10,1,3,0\">Legitimate Interest: For improving user experience and website security.<\/p><\/li><\/ul><p>USE OF PERSONAL DATA<\/p><p>Any of the personal data you provide to us can be used for the following purposes:<\/p><p>1 \u2013 Personalizing your experience with us;<\/p><p>2 \u2013 Getting in touch with you;<\/p><p>3 \u2013 Improving our site regarding the services provided;<\/p><p>4 \u2013 Improving our customer service in general;<\/p><p>5 \u2013 Processing transactions related to you;<\/p><p>6 \u2013 Communication about current or future services marketed;<\/p><p>7 \u2013 Your data, whether public or private, will not be sold, exchanged, transferred, or given to any other company;<\/p><p>8 \u2013 Your personal data may be transmitted to communication companies as subcontractors for the purpose of creating and managing information, research, and analysis of the services provided, as well as to manage information, promotions, or market studies, having been informed that they will not be sold, exchanged, transferred, or given away, nor will they be processed for other purposes, always safeguarding the confidentiality and security of the transmitted data;<\/p><p>9 \u2013 Providing aggregated and statistical information to third parties to monitor the use of our website for development purposes, not including information that can be used to identify any individual;<\/p><p>10 \u2013 For questions and\/or comments about our Cookie Policy and this statement, contact us:<br>Alma Org\u00e2nica Unipessoal Lda<br>Sobral \u2013 S\u00e3o Miguel, C.P 8025, 7630-592 S\u00e3o Teot\u00f3nio, Odemira<br>Email: info@juniorjacques.pt<\/p><p>11 \u2013 At any time, if you wish, you can unsubscribe from future emails, and we will include detailed instructions on how to cancel at the bottom of each email.<\/p><p>PROTECTION OF YOUR INFORMATION<\/p><p>It is our policy to follow market best practices to protect your data during transmission and, once received, we implement various measures to maintain the security of the personal data you transmitted to us. However, you should be aware that no method of electronic transmission or storage is completely secure. Thus, to the maximum extent permitted by law, we cannot be held responsible for any claims, losses, and damages, including without limitation, direct, indirect, special, punitive, incidental, or consequential losses or damages incurred by you or any user related to computer fraud, risks, or any other breach or circumstance in which your information is accessed or disclosed without our express authorization.  <\/p><p>DATA PROVIDED<\/p><p>For your privacy, we advise that you do not include personal data, particularly sensitive or confidential information, in the emails you send us. Therefore, you should not send us emails mentioning credit card numbers or any sensitive personal information, other than the information strictly necessary to resolve the need arising from our commercial relationship. <\/p><p>Please note that we do not knowingly collect personal information from minors. As a parent and\/or legal guardian, you should not allow your children to provide or send us personal information without your permission. <\/p><p>DISCLOSURE OF INFORMATION TO THIRD PARTIES<\/p><p>We inform you that we do not sell, trade, or transfer your personally identifiable data to third parties. This does not include trusted third parties who comply with security standards and best practices and who help us manage our site, mobile applications, communication with our customers, conducting our business, or providing services to our customers, as long as those parties agree to keep this information confidential. <\/p><p>We may also disclose your information when we believe release is appropriate to comply with the law, enforce our site policies, or protect our rights, property, or safety. However, non-personally identifiable visitor information may be provided to other parties for marketing, advertising, or other uses. <\/p><p>THIRD-PARTY LINKS<\/p><p>Although you are on a website managed by the Company and trusted third parties who comply with security standards and best practices and help us manage our site, you may be referred to links and third-party websites during your navigation. These links are intended to improve information regarding services, locations, and brands that we consider relevant in the information provided. <\/p><p>These third-party sites may have separate and independent privacy policies. These policies are not managed or controlled by the Company, so it shall not assume any responsibility for the content and activities of these websites. However, we always seek to protect the integrity of our site and platforms and would appreciate it if you contact us if you would like to give us your feedback on them. We also recommend that you carefully read the terms and conditions and privacy policies of these sites before submitting any information or personal data.   <\/p><p>COOKIES POLICY<\/p><p>Cookies are small information files sent to your computer or mobile phone when you visit a website. Cookies are sent back to the original site on each subsequent visit or to another site that recognizes that cookie. Cookies are useful because they allow a site to recognize the User&#8217;s device, allowing them to navigate efficiently through pages, also remembering their preferences and generally improving the User experience.  <\/p><p>Some of the cookies issued by the server will only last for the duration of the session and will expire when you close the browser. Other cookies are used to remember when a User returns to a website and have a longer duration. <\/p><p>Most browsers automatically accept cookies. You can modify your browser settings to not accept them or to be notified each time a cookie is created. <\/p><p>You can get more information about cookies, including how to see which cookies have been created on your device and how to manage or delete them using different types of browsers, at www.allaboutcookies.org.<\/p><p>The ability to enable, disable, or delete cookies can also be done in your browser. To do this, follow the instructions in your browser (usually located in the &#8220;Help&#8221;, &#8220;Tools&#8221;, or &#8220;Edit&#8221; options). Disabling a cookie or a category of cookies does not delete the cookie from your browser; for that, you need to perform the deletion manually.  <\/p><p>By blocking or deleting cookies, it is possible that you may not be able to fully enjoy the website&#8217;s features.<\/p><p>CONSENT<\/p><p>As a user of our website and platforms, you hereby express your agreement with our Privacy Policy.<\/p><p>RETENTION PERIOD FOR YOUR DATA<\/p><p>We wish to inform you that the personal data you provide will be kept by the Company for a maximum period of ten years after the last purchase made at any of our stores.<\/p><p>YOUR RIGHTS<\/p><p>Since we want to ensure you are aware of your rights and under the terms of applicable legislation, we additionally inform you of the following:<\/p><p>1 \u2013 Your personal data belongs to you. As such, you have the right to access, rectify, limit, delete, and object to the processing of the same, as well as to obtain them from the Company. <\/p><p>2 \u2013 We will make our best efforts to ensure that your personal data remains up to date and protected according to market best practices.<\/p><p>3 \u2013 You have the right to file a complaint with the competent data protection authority. In Portugal, this authority is the National Data Protection Commission (CNPD). <\/p><p>CHANGES TO THE PRIVACY POLICY<\/p><p>The Company reserves the right to update its Privacy Policy periodically. If changes are made, we will note the respective modifications on our website, as well as through a communication to the contact methods provided. <\/p><p>Following the aforementioned communication, continued use of our website, applications, services, and resources offered will be considered as your agreement to such changes.<\/p><p>PUBLICATION<\/p><p>Current version published on March 23, 2026.<\/p><\/div><\/div><\/div><\/div><\/div><\/div><\/div><\/div><div class=\"cl\"> <\/div><div class=\"content_wrap fullwidth\"> <\/div><\/div><\/div>\t\t\t\t\t\t\t\t<\/div>\n\t\t\t\t<\/div>\n\t\t\t\t\t<\/div>\n\t\t<\/div>\n\t\t\t\t\t<\/div>\n\t\t<\/section>\n\t\t\t\t<\/div>\n\t\t","protected":false},"excerpt":{"rendered":"<p>Privacy Policy The commercial company Alma Org\u00e2nica Unipessoal Lda, with tax identification number 513208968, headquartered at Sobral \u2013 S\u00e3o Miguel, C.P 8025, 7630-592 S\u00e3o Teot\u00f3nio, Odemira, is the owner of the Junior Jacques Destiladores\u00ae brand and related exploitation rights. DATA CONTROLLER The entity responsible for processing personal data is Alma Org\u00e2nica Unipessoal Lda. For any&#8230;<\/p>\n","protected":false},"author":186,"featured_media":0,"parent":0,"menu_order":0,"comment_status":"closed","ping_status":"closed","template":"","meta":{"footnotes":""},"class_list":["post-988161","page","type-page","status-publish","hentry"],"_links":{"self":[{"href":"https:\/\/juniorjacques.pt\/en\/wp-json\/wp\/v2\/pages\/988161","targetHints":{"allow":["GET"]}}],"collection":[{"href":"https:\/\/juniorjacques.pt\/en\/wp-json\/wp\/v2\/pages"}],"about":[{"href":"https:\/\/juniorjacques.pt\/en\/wp-json\/wp\/v2\/types\/page"}],"author":[{"embeddable":true,"href":"https:\/\/juniorjacques.pt\/en\/wp-json\/wp\/v2\/users\/186"}],"replies":[{"embeddable":true,"href":"https:\/\/juniorjacques.pt\/en\/wp-json\/wp\/v2\/comments?post=988161"}],"version-history":[{"count":0,"href":"https:\/\/juniorjacques.pt\/en\/wp-json\/wp\/v2\/pages\/988161\/revisions"}],"wp:attachment":[{"href":"https:\/\/juniorjacques.pt\/en\/wp-json\/wp\/v2\/media?parent=988161"}],"curies":[{"name":"wp","href":"https:\/\/api.w.org\/{rel}","templated":true}]}}